{"id":40,"date":"2020-09-28T10:00:33","date_gmt":"2020-09-28T10:00:33","guid":{"rendered":"http:\/\/www.elegalia.com\/golf\/servicios\/"},"modified":"2022-07-06T23:25:58","modified_gmt":"2022-07-06T23:25:58","slug":"servicios","status":"publish","type":"page","link":"http:\/\/www.elegalia.com\/golf\/servicios\/","title":{"rendered":"Viviendas exclusivas desde 67.000"},"content":{"rendered":"\n<h2 class=\"has-text-align-center\">S\u00ed. Has le\u00eddo bien.<\/h2>\n\n\n\n<p> Adquirir una vivienda es una de las decisiones m\u00e1s importantes de nuestra vida. Tanto en la gesti\u00f3n de los procesos de compra, como en la gesti\u00f3n de la venta, existen m\u00faltiples claves y procesos que requieren la intervenci\u00f3n de profesionales especializados para negociar, tramitar, formalizar y finalmente vender o comprar esa casa de tus sue\u00f1os. <\/p>\n\n\n\n<p> Tal vez sea tan s\u00f3lo tu primera vivienda, o tu casa de vacaciones, pero la base de tus sue\u00f1os est\u00e1 en la capacidad de poder construir un hogar.  Desde promociones de vivienda nueva a encargos de casas especiales, desde 67.000, pondremos a tu disposici\u00f3n todos nuestros recursos para que encuentres la casa de tus sue\u00f1os.<\/p>\n\n\n\n<p> No descansaremos hasta que quedes satisfecho.  Y puedes creer que existen, aunque parezcan escondidas, las encontraremos para ti. Desde 2 Dormitorios en los m\u00e1s impresionantes resorts que puedas imaginar. <\/p>\n\n\n\n<p>En el campo, o en la monta\u00f1a o en la costa. Con distintos niveles de lujo y tama\u00f1o, pero todas con los mismos servicios y comodidades. Para todos los bolsillos y presupuestos. Es una forma de vida. Y si has llegado hasta aqu\u00ed, es que la quieres.<\/p>\n\n\n\n<p>Para eso estamos nosotros, para hacer realidad tus sue\u00f1os.<\/p>\n\n\n\n<figure class=\"wp-block-image size-full\"><img decoding=\"async\" loading=\"lazy\" width=\"705\" height=\"528\" src=\"http:\/\/www.elegalia.com\/golf\/wp-content\/uploads\/2022\/07\/5-66801518_1-20220701101802.jpeg\" alt=\"\" class=\"wp-image-173\" srcset=\"http:\/\/www.elegalia.com\/golf\/wp-content\/uploads\/2022\/07\/5-66801518_1-20220701101802.jpeg 705w, http:\/\/www.elegalia.com\/golf\/wp-content\/uploads\/2022\/07\/5-66801518_1-20220701101802-300x225.jpeg 300w, http:\/\/www.elegalia.com\/golf\/wp-content\/uploads\/2022\/07\/5-66801518_1-20220701101802-350x262.jpeg 350w\" sizes=\"(max-width: 705px) 100vw, 705px\" \/><\/figure>\n\n\n\n<figure class=\"wp-block-image size-full\"><img decoding=\"async\" loading=\"lazy\" width=\"705\" height=\"528\" src=\"http:\/\/www.elegalia.com\/golf\/wp-content\/uploads\/2022\/07\/4-62341723_1-d3d0f7ebe94e0b701e47xlarge.jpeg\" alt=\"\" class=\"wp-image-186\" srcset=\"http:\/\/www.elegalia.com\/golf\/wp-content\/uploads\/2022\/07\/4-62341723_1-d3d0f7ebe94e0b701e47xlarge.jpeg 705w, http:\/\/www.elegalia.com\/golf\/wp-content\/uploads\/2022\/07\/4-62341723_1-d3d0f7ebe94e0b701e47xlarge-300x225.jpeg 300w, http:\/\/www.elegalia.com\/golf\/wp-content\/uploads\/2022\/07\/4-62341723_1-d3d0f7ebe94e0b701e47xlarge-350x262.jpeg 350w\" sizes=\"(max-width: 705px) 100vw, 705px\" \/><\/figure>\n\n\n\n<figure class=\"wp-block-image size-full\"><img decoding=\"async\" loading=\"lazy\" width=\"705\" height=\"528\" src=\"http:\/\/www.elegalia.com\/golf\/wp-content\/uploads\/2022\/07\/9-62341718_1-970318b28fb5867b188dxlarge.jpeg\" alt=\"\" class=\"wp-image-187\" srcset=\"http:\/\/www.elegalia.com\/golf\/wp-content\/uploads\/2022\/07\/9-62341718_1-970318b28fb5867b188dxlarge.jpeg 705w, http:\/\/www.elegalia.com\/golf\/wp-content\/uploads\/2022\/07\/9-62341718_1-970318b28fb5867b188dxlarge-300x225.jpeg 300w, http:\/\/www.elegalia.com\/golf\/wp-content\/uploads\/2022\/07\/9-62341718_1-970318b28fb5867b188dxlarge-350x262.jpeg 350w\" sizes=\"(max-width: 705px) 100vw, 705px\" \/><\/figure>\n\n\n\n<figure class=\"wp-block-image size-full\"><img decoding=\"async\" loading=\"lazy\" width=\"705\" height=\"528\" src=\"http:\/\/www.elegalia.com\/golf\/wp-content\/uploads\/2022\/07\/19-62341727_1-1ffd18320143a16bf3f2xlarge.jpeg\" alt=\"\" class=\"wp-image-189\" srcset=\"http:\/\/www.elegalia.com\/golf\/wp-content\/uploads\/2022\/07\/19-62341727_1-1ffd18320143a16bf3f2xlarge.jpeg 705w, http:\/\/www.elegalia.com\/golf\/wp-content\/uploads\/2022\/07\/19-62341727_1-1ffd18320143a16bf3f2xlarge-300x225.jpeg 300w, http:\/\/www.elegalia.com\/golf\/wp-content\/uploads\/2022\/07\/19-62341727_1-1ffd18320143a16bf3f2xlarge-350x262.jpeg 350w\" sizes=\"(max-width: 705px) 100vw, 705px\" \/><\/figure>\n\n\n\n<figure class=\"wp-block-image size-full\"><img decoding=\"async\" loading=\"lazy\" width=\"705\" height=\"528\" src=\"http:\/\/www.elegalia.com\/golf\/wp-content\/uploads\/2022\/07\/8-62341722_1-ef8c2181cd480ff35c8bxlarge.jpeg\" alt=\"\" class=\"wp-image-190\" srcset=\"http:\/\/www.elegalia.com\/golf\/wp-content\/uploads\/2022\/07\/8-62341722_1-ef8c2181cd480ff35c8bxlarge.jpeg 705w, http:\/\/www.elegalia.com\/golf\/wp-content\/uploads\/2022\/07\/8-62341722_1-ef8c2181cd480ff35c8bxlarge-300x225.jpeg 300w, http:\/\/www.elegalia.com\/golf\/wp-content\/uploads\/2022\/07\/8-62341722_1-ef8c2181cd480ff35c8bxlarge-350x262.jpeg 350w\" sizes=\"(max-width: 705px) 100vw, 705px\" \/><\/figure>\n\n\n\n<figure class=\"wp-block-image size-full\"><img decoding=\"async\" loading=\"lazy\" width=\"705\" height=\"528\" src=\"http:\/\/www.elegalia.com\/golf\/wp-content\/uploads\/2022\/07\/10-62341724_1-237b71ffab9b6c960472xlarge.jpeg\" alt=\"\" class=\"wp-image-191\" srcset=\"http:\/\/www.elegalia.com\/golf\/wp-content\/uploads\/2022\/07\/10-62341724_1-237b71ffab9b6c960472xlarge.jpeg 705w, http:\/\/www.elegalia.com\/golf\/wp-content\/uploads\/2022\/07\/10-62341724_1-237b71ffab9b6c960472xlarge-300x225.jpeg 300w, http:\/\/www.elegalia.com\/golf\/wp-content\/uploads\/2022\/07\/10-62341724_1-237b71ffab9b6c960472xlarge-350x262.jpeg 350w\" sizes=\"(max-width: 705px) 100vw, 705px\" \/><\/figure>\n\n\n\n<figure class=\"wp-block-image size-full\"><img decoding=\"async\" loading=\"lazy\" width=\"705\" height=\"528\" src=\"http:\/\/www.elegalia.com\/golf\/wp-content\/uploads\/2022\/07\/11-62341715_1-b040b3c32666ad50c85dxlarge.jpeg\" alt=\"\" class=\"wp-image-192\" srcset=\"http:\/\/www.elegalia.com\/golf\/wp-content\/uploads\/2022\/07\/11-62341715_1-b040b3c32666ad50c85dxlarge.jpeg 705w, http:\/\/www.elegalia.com\/golf\/wp-content\/uploads\/2022\/07\/11-62341715_1-b040b3c32666ad50c85dxlarge-300x225.jpeg 300w, http:\/\/www.elegalia.com\/golf\/wp-content\/uploads\/2022\/07\/11-62341715_1-b040b3c32666ad50c85dxlarge-350x262.jpeg 350w\" sizes=\"(max-width: 705px) 100vw, 705px\" \/><\/figure>\n\n\n\n<div class=\"wp-block-coblocks-services alignwide is-style-circle\"><div class=\"alignwide is-style-circle has-columns has-3-columns has-responsive-columns\">\n\n\n\n<\/div><\/div>\n\n\n\n<div class=\"wp-block-coblocks-services alignwide is-style-circle\"><div class=\"alignwide is-style-circle has-columns has-3-columns has-responsive-columns\">\n\n\n\n<\/div><\/div>\n\n\n\n<h2 class=\"has-text-align-center\">Captar\u00e9 tu mejor sonrisa cuando vengas tras tu \u00e9xito. Pues tu \u00e9xito, ser\u00e1 el nuestro. <\/h2>\n\n\n\n<div class=\"wp-block-button aligncenter\"><a class=\"wp-block-button__link\" href=\"http:\/\/www.elegalia.com\/golf\/conectar\/\">Trabaja conmigo<\/a><\/div>\n","protected":false},"excerpt":{"rendered":"<p>S\u00ed. Has le\u00eddo bien. Adquirir una vivienda es una de las decisiones m\u00e1s importantes de nuestra vida. Tanto en la gesti\u00f3n de los procesos de compra, como en la gesti\u00f3n de la venta, existen m\u00faltiples claves y procesos que requieren la intervenci\u00f3n de profesionales especializados para negociar, tramitar, formalizar y finalmente vender o comprar esa &hellip; <\/p>\n<p class=\"link-more\"><a href=\"http:\/\/www.elegalia.com\/golf\/servicios\/\" class=\"more-link\">Continuar leyendo<span class=\"screen-reader-text\"> &#8220;Viviendas exclusivas desde 67.000&#8221;<\/span><\/a><\/p>\n","protected":false},"author":1,"featured_media":0,"parent":0,"menu_order":0,"comment_status":"closed","ping_status":"closed","template":"","meta":{"_coblocks_attr":"","_coblocks_dimensions":"","_coblocks_responsive_height":"","_coblocks_accordion_ie_support":""},"_links":{"self":[{"href":"http:\/\/www.elegalia.com\/golf\/wp-json\/wp\/v2\/pages\/40"}],"collection":[{"href":"http:\/\/www.elegalia.com\/golf\/wp-json\/wp\/v2\/pages"}],"about":[{"href":"http:\/\/www.elegalia.com\/golf\/wp-json\/wp\/v2\/types\/page"}],"author":[{"embeddable":true,"href":"http:\/\/www.elegalia.com\/golf\/wp-json\/wp\/v2\/users\/1"}],"replies":[{"embeddable":true,"href":"http:\/\/www.elegalia.com\/golf\/wp-json\/wp\/v2\/comments?post=40"}],"version-history":[{"count":9,"href":"http:\/\/www.elegalia.com\/golf\/wp-json\/wp\/v2\/pages\/40\/revisions"}],"predecessor-version":[{"id":193,"href":"http:\/\/www.elegalia.com\/golf\/wp-json\/wp\/v2\/pages\/40\/revisions\/193"}],"wp:attachment":[{"href":"http:\/\/www.elegalia.com\/golf\/wp-json\/wp\/v2\/media?parent=40"}],"curies":[{"name":"wp","href":"https:\/\/api.w.org\/{rel}","templated":true}]}}