{"id":165,"date":"2022-07-20T20:24:26","date_gmt":"2022-07-20T20:24:26","guid":{"rendered":"http:\/\/www.elegalia.com\/inmuebles\/?page_id=165"},"modified":"2022-10-04T20:03:58","modified_gmt":"2022-10-04T20:03:58","slug":"golf","status":"publish","type":"page","link":"http:\/\/www.elegalia.com\/inmuebles\/golf\/","title":{"rendered":"Golf"},"content":{"rendered":"\n<p>M\u00e1s all\u00e1 de ventajas o inconvenientes de <strong>vivir en un campo de golf<\/strong>, hay una cuesti\u00f3n emocional vinculada a la sensaci\u00f3n de contacto con la naturaleza. Lo cierto es que la ratio calidad precio dista mucho de ser cara y por tanto es un lujo. No importa si tu propiedad es econ\u00f3mica o de mayor presupuesto. <a href=\"http:\/\/www.elegalia.com\/golf\/\" target=\"_blank\" rel=\"noreferrer noopener\">Si decides comprar una propiedad Elegalia Golf, ya eres un privilegiado porque tienes un peque\u00f1o lugar en el para\u00edso.<\/a><\/p>\n\n\n\n<p><a href=\"http:\/\/www.elegalia.com\/golf\/\" target=\"_blank\" rel=\"noreferrer noopener\">Hablamos de una forma de vida con distintos niveles de confort desde la misma calidad. Pero al final, eres t\u00fa qui\u00e9n decide y nosotros te acompa\u00f1aremos en todo el proceso. Desde 67.000 a 999.000 \u00bfTe vienes\u2026? El viaje es el mismo en diferentes etapas.<\/a><\/p>\n\n\n\n<figure class=\"wp-block-embed is-type-video is-provider-youtube wp-block-embed-youtube wp-embed-aspect-16-9 wp-has-aspect-ratio\"><div class=\"wp-block-embed__wrapper\">\n<iframe loading=\"lazy\" title=\"La Hacienda  Links Golf Resort\" width=\"525\" height=\"295\" src=\"https:\/\/www.youtube.com\/embed\/sN9Cv0vS3qY?feature=oembed\" frameborder=\"0\" allow=\"accelerometer; autoplay; clipboard-write; encrypted-media; gyroscope; picture-in-picture\" allowfullscreen><\/iframe>\n<\/div><\/figure>\n\n\n\n<figure class=\"wp-block-image size-full\"><a href=\"http:\/\/vgrn.pruebas.witei.com\/contact\/\" target=\"_blank\" rel=\"noopener\"><img decoding=\"async\" loading=\"lazy\" width=\"2560\" height=\"1440\" src=\"http:\/\/www.elegalia.com\/inmuebles\/wp-content\/uploads\/2022\/06\/Infinity_salon--scaled.gif\" alt=\"\" class=\"wp-image-128\" srcset=\"http:\/\/www.elegalia.com\/inmuebles\/wp-content\/uploads\/2022\/06\/Infinity_salon--scaled.gif 2560w, http:\/\/www.elegalia.com\/inmuebles\/wp-content\/uploads\/2022\/06\/Infinity_salon--300x169.gif 300w\" sizes=\"(max-width: 706px) 89vw, (max-width: 767px) 82vw, 740px\" \/><\/a><\/figure>\n","protected":false},"excerpt":{"rendered":"<p>M\u00e1s all\u00e1 de ventajas o inconvenientes de vivir en un campo de golf, hay una cuesti\u00f3n emocional vinculada a la sensaci\u00f3n de contacto con la naturaleza. Lo cierto es que la ratio calidad precio dista mucho de ser cara y por tanto es un lujo. No importa si tu propiedad es econ\u00f3mica o de mayor &hellip; <\/p>\n<p class=\"link-more\"><a href=\"http:\/\/www.elegalia.com\/inmuebles\/golf\/\" class=\"more-link\">Continuar leyendo<span class=\"screen-reader-text\"> &#8220;Golf&#8221;<\/span><\/a><\/p>\n","protected":false},"author":1,"featured_media":0,"parent":0,"menu_order":0,"comment_status":"closed","ping_status":"closed","template":"","meta":{"_coblocks_attr":"","_coblocks_dimensions":"","_coblocks_responsive_height":"","_coblocks_accordion_ie_support":""},"_links":{"self":[{"href":"http:\/\/www.elegalia.com\/inmuebles\/wp-json\/wp\/v2\/pages\/165"}],"collection":[{"href":"http:\/\/www.elegalia.com\/inmuebles\/wp-json\/wp\/v2\/pages"}],"about":[{"href":"http:\/\/www.elegalia.com\/inmuebles\/wp-json\/wp\/v2\/types\/page"}],"author":[{"embeddable":true,"href":"http:\/\/www.elegalia.com\/inmuebles\/wp-json\/wp\/v2\/users\/1"}],"replies":[{"embeddable":true,"href":"http:\/\/www.elegalia.com\/inmuebles\/wp-json\/wp\/v2\/comments?post=165"}],"version-history":[{"count":2,"href":"http:\/\/www.elegalia.com\/inmuebles\/wp-json\/wp\/v2\/pages\/165\/revisions"}],"predecessor-version":[{"id":195,"href":"http:\/\/www.elegalia.com\/inmuebles\/wp-json\/wp\/v2\/pages\/165\/revisions\/195"}],"wp:attachment":[{"href":"http:\/\/www.elegalia.com\/inmuebles\/wp-json\/wp\/v2\/media?parent=165"}],"curies":[{"name":"wp","href":"https:\/\/api.w.org\/{rel}","templated":true}]}}