{"id":39,"date":"2020-09-28T10:00:33","date_gmt":"2020-09-28T10:00:33","guid":{"rendered":"http:\/\/www.elegalia.com\/inmuebles\/acerca-de\/"},"modified":"2022-10-04T18:21:13","modified_gmt":"2022-10-04T18:21:13","slug":"acerca-de","status":"publish","type":"page","link":"http:\/\/www.elegalia.com\/inmuebles\/acerca-de\/","title":{"rendered":"Acerca de"},"content":{"rendered":"\n<h2 class=\"has-text-align-center\">Hola, soy tu Asesora personal. Anne<\/h2>\n\n\n\n<p class=\"has-text-align-center\"><a href=\"http:\/\/vgrn.pruebas.witei.com\/\" target=\"_blank\" rel=\"noreferrer noopener\">Tu socia, tu amiga, tu c\u00f3mplice y tu excusa para salir adelante. Trabajo con un grupo de abogad@s y expert@s espa\u00f1ol@s en los que deposito mi confianza para que tengas tu para\u00edso y tu abundancia. Son todos Abogad@s Colegiad@s CCBE (Uni\u00f3n Europea ) y en el Consejo Superior de la Abogac\u00eda de Espa\u00f1a, para que tengas todas las garant\u00edas. Son siempre los mejores.  Ell@s trabajan para ti. As\u00ed que puedes sentirte segur@. Tambi\u00e9n ahora te localizaremos las mejores viviendas exclusivas de la costa de Espa\u00f1a.<\/a><\/p>\n\n\n\n<div class=\"wp-block-button aligncenter\"><a class=\"wp-block-button__link\" href=\"http:\/\/vgrn.pruebas.witei.com\/contact\/\" target=\"_blank\" rel=\"noreferrer noopener\">Vende conmigo<\/a><\/div>\n\n\n\n<figure class=\"is-layout-flex wp-block-gallery-1 wp-block-gallery alignwide columns-2 is-cropped\"><ul class=\"blocks-gallery-grid\"><li class=\"blocks-gallery-item\"><figure><img decoding=\"async\" loading=\"lazy\" width=\"1200\" height=\"800\" src=\"http:\/\/www.elegalia.com\/inmuebles\/wp-content\/uploads\/2020\/09\/about-image-1.jpg\" alt=\"Descripci\u00f3n de la imagen\" data-id=\"9\" class=\"wp-image-9\" srcset=\"http:\/\/www.elegalia.com\/inmuebles\/wp-content\/uploads\/2020\/09\/about-image-1.jpg 1200w, http:\/\/www.elegalia.com\/inmuebles\/wp-content\/uploads\/2020\/09\/about-image-1-300x200.jpg 300w, http:\/\/www.elegalia.com\/inmuebles\/wp-content\/uploads\/2020\/09\/about-image-1-1024x683.jpg 1024w, http:\/\/www.elegalia.com\/inmuebles\/wp-content\/uploads\/2020\/09\/about-image-1-768x512.jpg 768w\" sizes=\"(max-width: 706px) 89vw, (max-width: 767px) 82vw, 740px\" \/><\/figure><\/li><li class=\"blocks-gallery-item\"><figure><img decoding=\"async\" loading=\"lazy\" width=\"1200\" height=\"800\" src=\"http:\/\/www.elegalia.com\/inmuebles\/wp-content\/uploads\/2020\/09\/about-image-2.jpg\" alt=\"Descripci\u00f3n de la imagen\" data-id=\"10\" data-link=\"http:\/\/www.elegalia.com\/inmuebles\/about-image-2\/\" class=\"wp-image-10\" srcset=\"http:\/\/www.elegalia.com\/inmuebles\/wp-content\/uploads\/2020\/09\/about-image-2.jpg 1200w, http:\/\/www.elegalia.com\/inmuebles\/wp-content\/uploads\/2020\/09\/about-image-2-300x200.jpg 300w, http:\/\/www.elegalia.com\/inmuebles\/wp-content\/uploads\/2020\/09\/about-image-2-1024x683.jpg 1024w, http:\/\/www.elegalia.com\/inmuebles\/wp-content\/uploads\/2020\/09\/about-image-2-768x512.jpg 768w\" sizes=\"(max-width: 706px) 89vw, (max-width: 767px) 82vw, 740px\" \/><\/figure><\/li><li class=\"blocks-gallery-item\"><figure><img decoding=\"async\" loading=\"lazy\" width=\"1200\" height=\"800\" src=\"http:\/\/www.elegalia.com\/inmuebles\/wp-content\/uploads\/2020\/09\/about-image-3.jpg\" alt=\"Descripci\u00f3n de la imagen\" data-id=\"11\" data-full-url=\"http:\/\/www.elegalia.com\/inmuebles\/wp-content\/uploads\/2020\/09\/about-image-3.jpg\" data-link=\"http:\/\/www.elegalia.com\/inmuebles\/about-image-3\/\" class=\"wp-image-11\" srcset=\"http:\/\/www.elegalia.com\/inmuebles\/wp-content\/uploads\/2020\/09\/about-image-3.jpg 1200w, http:\/\/www.elegalia.com\/inmuebles\/wp-content\/uploads\/2020\/09\/about-image-3-300x200.jpg 300w, http:\/\/www.elegalia.com\/inmuebles\/wp-content\/uploads\/2020\/09\/about-image-3-1024x683.jpg 1024w, http:\/\/www.elegalia.com\/inmuebles\/wp-content\/uploads\/2020\/09\/about-image-3-768x512.jpg 768w\" sizes=\"(max-width: 706px) 89vw, (max-width: 767px) 82vw, 740px\" \/><\/figure><\/li><\/ul><\/figure>\n\n\n\n<div class=\"is-layout-flex wp-container-5 wp-block-columns alignwide\">\n<div class=\"is-layout-flow wp-block-column\">\n<h3>Conocen tus necesidades.<\/h3>\n\n\n\n<p><a href=\"http:\/\/vgrn.pruebas.witei.com\/contact\/\" target=\"_blank\" rel=\"noreferrer noopener\">Todo aquello que necesitas y puedes solicitar lo saben y te ayudar\u00e1n a conseguirlo. S\u00f3lo tienes que quererlo. No hay l\u00edmites para tus proyectos. Tan s\u00f3lo tu imaginaci\u00f3n y tu sensibilidad.  No dudes en contarnos tus inquietudes y tus miedos. \u00bfSabias que las casas tienen alma? Desde la privacidad y el respeto de tus datos te ayudaremos a cumplir tus sue\u00f1os <\/a><\/p>\n\n\n\n<p><\/p>\n\n\n\n<p><\/p>\n<\/div>\n\n\n\n<div class=\"is-layout-flow wp-block-column\">\n<h3>Actual<\/h3>\n\n\n\n<p><a href=\"http:\/\/vgrn.pruebas.witei.com\/contact\/\" target=\"_blank\" rel=\"noreferrer noopener\">Has llegado aqu\u00ed y durante estos \u00faltimos cuatro a\u00f1os hemos estado estudiando para ti, prepar\u00e1ndolo todo para que puedas gozar de tu libertad. Para que puedas volver a sentir, vivir y ser y rehacer tu vida. Para que puedas invertir en tu nueva casa. Son muchos a\u00f1os de estudio de muchos profesionales que hoy se ponen a tu servicio. Queremos tu felicidad y tu abundancia de nuevo.<\/a><\/p>\n<\/div>\n<\/div>\n","protected":false},"excerpt":{"rendered":"<p>Hola, soy tu Asesora personal. Anne Tu socia, tu amiga, tu c\u00f3mplice y tu excusa para salir adelante. Trabajo con un grupo de abogad@s y expert@s espa\u00f1ol@s en los que deposito mi confianza para que tengas tu para\u00edso y tu abundancia. Son todos Abogad@s Colegiad@s CCBE (Uni\u00f3n Europea ) y en el Consejo Superior de &hellip; <\/p>\n<p class=\"link-more\"><a href=\"http:\/\/www.elegalia.com\/inmuebles\/acerca-de\/\" class=\"more-link\">Continuar leyendo<span class=\"screen-reader-text\"> &#8220;Acerca de&#8221;<\/span><\/a><\/p>\n","protected":false},"author":1,"featured_media":0,"parent":0,"menu_order":0,"comment_status":"closed","ping_status":"closed","template":"","meta":{"_coblocks_attr":"","_coblocks_dimensions":"","_coblocks_responsive_height":"","_coblocks_accordion_ie_support":""},"_links":{"self":[{"href":"http:\/\/www.elegalia.com\/inmuebles\/wp-json\/wp\/v2\/pages\/39"}],"collection":[{"href":"http:\/\/www.elegalia.com\/inmuebles\/wp-json\/wp\/v2\/pages"}],"about":[{"href":"http:\/\/www.elegalia.com\/inmuebles\/wp-json\/wp\/v2\/types\/page"}],"author":[{"embeddable":true,"href":"http:\/\/www.elegalia.com\/inmuebles\/wp-json\/wp\/v2\/users\/1"}],"replies":[{"embeddable":true,"href":"http:\/\/www.elegalia.com\/inmuebles\/wp-json\/wp\/v2\/comments?post=39"}],"version-history":[{"count":8,"href":"http:\/\/www.elegalia.com\/inmuebles\/wp-json\/wp\/v2\/pages\/39\/revisions"}],"predecessor-version":[{"id":186,"href":"http:\/\/www.elegalia.com\/inmuebles\/wp-json\/wp\/v2\/pages\/39\/revisions\/186"}],"wp:attachment":[{"href":"http:\/\/www.elegalia.com\/inmuebles\/wp-json\/wp\/v2\/media?parent=39"}],"curies":[{"name":"wp","href":"https:\/\/api.w.org\/{rel}","templated":true}]}}