{"id":40,"date":"2020-09-28T10:00:33","date_gmt":"2020-09-28T10:00:33","guid":{"rendered":"http:\/\/www.elegalia.com\/seguros\/servicios\/"},"modified":"2022-10-03T16:59:44","modified_gmt":"2022-10-03T16:59:44","slug":"servicios","status":"publish","type":"page","link":"http:\/\/www.elegalia.com\/seguros\/servicios\/","title":{"rendered":"Servicios"},"content":{"rendered":"\n<h2 class=\"has-text-align-center\">\u201cProtegemos\u00a0y\u00a0defendemos\u00a0tus\u00a0intereses\u00a0.\u201d<\/h2>\n\n\n\n<p>Blindamos tu empresa y responsabilidades. Protegemos tu salud y Protegemos tu vivienda y tus ingresos inmobiliarios.<\/p>\n\n\n\n<figure class=\"wp-block-image size-large\"><a href=\"https:\/\/segoralfa.es\/#seguros\" target=\"_blank\" rel=\"noopener\"><img decoding=\"async\" loading=\"lazy\" width=\"1024\" height=\"447\" src=\"http:\/\/www.elegalia.com\/seguros\/wp-content\/uploads\/2022\/10\/seguros-1024x447.png\" alt=\"\" class=\"wp-image-127\" srcset=\"http:\/\/www.elegalia.com\/seguros\/wp-content\/uploads\/2022\/10\/seguros-1024x447.png 1024w, http:\/\/www.elegalia.com\/seguros\/wp-content\/uploads\/2022\/10\/seguros-300x131.png 300w, http:\/\/www.elegalia.com\/seguros\/wp-content\/uploads\/2022\/10\/seguros-768x335.png 768w, http:\/\/www.elegalia.com\/seguros\/wp-content\/uploads\/2022\/10\/seguros-350x153.png 350w, http:\/\/www.elegalia.com\/seguros\/wp-content\/uploads\/2022\/10\/seguros.png 1225w\" sizes=\"(max-width: 706px) 89vw, (max-width: 767px) 82vw, 740px\" \/><\/a><\/figure>\n\n\n\n<div class=\"wp-block-coblocks-services alignwide is-style-circle\"><div class=\"alignwide is-style-circle has-columns has-3-columns has-responsive-columns\">\n\n\n\n<\/div><\/div>\n\n\n\n<div class=\"wp-block-coblocks-services alignwide is-style-circle\"><div class=\"alignwide is-style-circle has-columns has-3-columns has-responsive-columns\">\n\n\n\n<\/div><\/div>\n\n\n\n<h2 class=\"has-text-align-center\">Captar\u00e9 tu mejor sonrisa cuando vengas tras tu \u00e9xito. Pues tu \u00e9xito, ser\u00e1 el nuestro. <\/h2>\n\n\n\n<div class=\"wp-block-button aligncenter\"><a class=\"wp-block-button__link\" href=\"http:\/\/www.elegalia.com\/seguros\/conectar\/\">Trabaja con nosotros<\/a><\/div>\n","protected":false},"excerpt":{"rendered":"<p>\u201cProtegemos\u00a0y\u00a0defendemos\u00a0tus\u00a0intereses\u00a0.\u201d Blindamos tu empresa y responsabilidades. Protegemos tu salud y Protegemos tu vivienda y tus ingresos inmobiliarios. Captar\u00e9 tu mejor sonrisa cuando vengas tras tu \u00e9xito. Pues tu \u00e9xito, ser\u00e1 el nuestro.<\/p>\n","protected":false},"author":1,"featured_media":0,"parent":0,"menu_order":0,"comment_status":"closed","ping_status":"closed","template":"","meta":{"_coblocks_attr":"","_coblocks_dimensions":"","_coblocks_responsive_height":"","_coblocks_accordion_ie_support":""},"_links":{"self":[{"href":"http:\/\/www.elegalia.com\/seguros\/wp-json\/wp\/v2\/pages\/40"}],"collection":[{"href":"http:\/\/www.elegalia.com\/seguros\/wp-json\/wp\/v2\/pages"}],"about":[{"href":"http:\/\/www.elegalia.com\/seguros\/wp-json\/wp\/v2\/types\/page"}],"author":[{"embeddable":true,"href":"http:\/\/www.elegalia.com\/seguros\/wp-json\/wp\/v2\/users\/1"}],"replies":[{"embeddable":true,"href":"http:\/\/www.elegalia.com\/seguros\/wp-json\/wp\/v2\/comments?post=40"}],"version-history":[{"count":8,"href":"http:\/\/www.elegalia.com\/seguros\/wp-json\/wp\/v2\/pages\/40\/revisions"}],"predecessor-version":[{"id":129,"href":"http:\/\/www.elegalia.com\/seguros\/wp-json\/wp\/v2\/pages\/40\/revisions\/129"}],"wp:attachment":[{"href":"http:\/\/www.elegalia.com\/seguros\/wp-json\/wp\/v2\/media?parent=40"}],"curies":[{"name":"wp","href":"https:\/\/api.w.org\/{rel}","templated":true}]}}